{"id":2706,"date":"2023-09-05T03:54:49","date_gmt":"2023-09-05T03:54:49","guid":{"rendered":"https:\/\/www.pge-medical.com\/?page_id=2706"},"modified":"2023-09-05T03:54:52","modified_gmt":"2023-09-05T03:54:52","slug":"plan-de-site","status":"publish","type":"page","link":"https:\/\/www.pge-medical.com\/fr\/plan-de-site\/","title":{"rendered":"Plan de site"},"content":{"rendered":"<div class=\"rank-math-html-sitemap\"><div class=\"rank-math-html-sitemap__section rank-math-html-sitemap__section--post-type rank-math-html-sitemap__section--post\"><h2 class=\"rank-math-html-sitemap__title\">Articles<\/h2><ul class=\"rank-math-html-sitemap__list\"><li class=\"rank-math-html-sitemap__item\"><a href=\"https:\/\/www.pge-medical.com\/fr\/developper-chiffre-affaire\/\" class=\"rank-math-html-sitemap__link\">D\u00e9velopper son chiffre d&#039;affaires pour les kin\u00e9sith\u00e9rapeutes ou professionnels de l&#039;esth\u00e9tisme - PGE MEDICAL<\/a><\/li><li class=\"rank-math-html-sitemap__item\"><a href=\"https:\/\/www.pge-medical.com\/fr\/lumiere-pulsee-visage\/\" class=\"rank-math-html-sitemap__link\">Lumi\u00e8re puls\u00e9e visage - Machines professionnelles de soins<\/a><\/li><li class=\"rank-math-html-sitemap__item\"><a href=\"https:\/\/www.pge-medical.com\/fr\/la-radiofrequence-pour-les-soins-du-corps-et-du-visage\/\" class=\"rank-math-html-sitemap__link\">La radiofr\u00e9quence pour les soins du corps et du visage - PGE MEDICAL<\/a><\/li><li class=\"rank-math-html-sitemap__item\"><a href=\"https:\/\/www.pge-medical.com\/fr\/cryolipolyse-avis-kine\/\" class=\"rank-math-html-sitemap__link\">La cryolipolyse, l&#039;avis d&#039;un kin\u00e9 - PGE MEDICAL<\/a><\/li><\/ul><\/div><div class=\"rank-math-html-sitemap__section rank-math-html-sitemap__section--post-type rank-math-html-sitemap__section--page\"><h2 class=\"rank-math-html-sitemap__title\">Pages<\/h2><ul class=\"rank-math-html-sitemap__list\"><li class=\"rank-math-html-sitemap__item\"><a href=\"https:\/\/www.pge-medical.com\/fr\/plan-de-site\/\" class=\"rank-math-html-sitemap__link\">Plan de site - PGE MEDICAL<\/a><\/li><li class=\"rank-math-html-sitemap__item\"><a href=\"https:\/\/www.pge-medical.com\/fr\/actualites\/\" class=\"rank-math-html-sitemap__link\">Actualit\u00e9s - PGE MEDICAL<\/a><\/li><li class=\"rank-math-html-sitemap__item\"><a href=\"https:\/\/www.pge-medical.com\/fr\/recrutement\/\" class=\"rank-math-html-sitemap__link\">Recrutement - PGE MEDICAL<\/a><\/li><li class=\"rank-math-html-sitemap__item\"><a href=\"https:\/\/www.pge-medical.com\/fr\/blog\/\" class=\"rank-math-html-sitemap__link\">Actualit\u00e9s - PGE MEDICAL<\/a><\/li><li class=\"rank-math-html-sitemap__item\"><a href=\"https:\/\/www.pge-medical.com\/fr\/a-propos\/\" class=\"rank-math-html-sitemap__link\">A propos - PGE MEDICAL<\/a><\/li><li class=\"rank-math-html-sitemap__item\"><a href=\"https:\/\/www.pge-medical.com\/fr\/soins-du-visage\/\" class=\"rank-math-html-sitemap__link\">Soins du visage - PGE MEDICAL<\/a><\/li><li class=\"rank-math-html-sitemap__item\"><a href=\"https:\/\/www.pge-medical.com\/fr\/soins-minceur\/\" class=\"rank-math-html-sitemap__link\">Soins minceur - PGE MEDICAL<\/a><\/li><li class=\"rank-math-html-sitemap__item\"><a href=\"https:\/\/www.pge-medical.com\/fr\/epilation\/\" class=\"rank-math-html-sitemap__link\">Machines professionnelles pour \u00e9pilation permanente<\/a><\/li><li class=\"rank-math-html-sitemap__item\"><a href=\"https:\/\/www.pge-medical.com\/fr\/nos-machines-cryolipolyse\/\" class=\"rank-math-html-sitemap__link\">Nos machines cryolipolyse - PGE MEDICAL<\/a><\/li><li class=\"rank-math-html-sitemap__item\"><a href=\"https:\/\/www.pge-medical.com\/fr\/contact\/\" class=\"rank-math-html-sitemap__link\">Contact - PGE MEDICAL<\/a><\/li><li class=\"rank-math-html-sitemap__item\"><a href=\"https:\/\/www.pge-medical.com\/fr\/avant-apres\/\" class=\"rank-math-html-sitemap__link\">Avant \/ Apr\u00e8s - PGE MEDICAL<\/a><\/li><li class=\"rank-math-html-sitemap__item\"><a href=\"https:\/\/www.pge-medical.com\/fr\/lifting-colombien\/\" class=\"rank-math-html-sitemap__link\">Lifting Colombien - PGE MEDICAL<\/a><\/li><li class=\"rank-math-html-sitemap__item\"><a href=\"https:\/\/www.pge-medical.com\/fr\/anti-cellulite-rf-3\/\" class=\"rank-math-html-sitemap__link\">Machines professionnelles anti-cellulite<\/a><\/li><li class=\"rank-math-html-sitemap__item\"><a href=\"https:\/\/www.pge-medical.com\/fr\/kryo-visage-3\/\" class=\"rank-math-html-sitemap__link\">Kryo Visage - PGE MEDICAL<\/a><\/li><li class=\"rank-math-html-sitemap__item\"><a href=\"https:\/\/www.pge-medical.com\/fr\/kryo-hydra-plus-3\/\" class=\"rank-math-html-sitemap__link\">Kryo Hydra Plus - Soins du visage - PGE MEDICAL<\/a><\/li><li class=\"rank-math-html-sitemap__item\"><a href=\"https:\/\/www.pge-medical.com\/fr\/laser-4d\/\" class=\"rank-math-html-sitemap__link\">Laser 4D - PGE MEDICAL<\/a><\/li><li class=\"rank-math-html-sitemap__item\"><a href=\"https:\/\/www.pge-medical.com\/fr\/kryo-light-ipl-3\/\" class=\"rank-math-html-sitemap__link\">Kryo Light IPL - Epilation permanente professionnelle - PGE MEDICAL<\/a><\/li><li class=\"rank-math-html-sitemap__item\"><a href=\"https:\/\/www.pge-medical.com\/fr\/kryo-sculpt-3\/\" class=\"rank-math-html-sitemap__link\">Kryo Sculpt - PGE MEDICAL<\/a><\/li><li class=\"rank-math-html-sitemap__item\"><a href=\"https:\/\/www.pge-medical.com\/fr\/kryo-shape-4d-3\/\" class=\"rank-math-html-sitemap__link\">Kryo Shape 4D - PGE MEDICAL<\/a><\/li><li class=\"rank-math-html-sitemap__item\"><a href=\"https:\/\/www.pge-medical.com\/fr\/kryo-plaques-3\/\" class=\"rank-math-html-sitemap__link\">Kryo Plaques - Cryolipolyse par plaques - PGE MEDICAL<\/a><\/li><li class=\"rank-math-html-sitemap__item\"><a href=\"https:\/\/www.pge-medical.com\/fr\/cryo-vacuum-3\/\" class=\"rank-math-html-sitemap__link\">Kryo Vacuum - Cryolipolise - PGE MEDICAL<\/a><\/li><li class=\"rank-math-html-sitemap__item\"><a href=\"https:\/\/www.pge-medical.com\/fr\/\" class=\"rank-math-html-sitemap__link\">PGE MEDICAL Professional machines for care and treatment - PGE MEDICAL<\/a><\/li><li class=\"rank-math-html-sitemap__item\"><a href=\"https:\/\/www.pge-medical.com\/fr\/\" class=\"rank-math-html-sitemap__link\">PGE MEDICAL Professionelle Maschinen f\u00fcr Pflege und Behandlung - PGE MEDICAL<\/a><\/li><li class=\"rank-math-html-sitemap__item\"><a href=\"https:\/\/www.pge-medical.com\/fr\/\" class=\"rank-math-html-sitemap__link\">PGE MEDICAL M\u00e1quinas profesionales para cuidados y tratamientos - PGE MEDICAL<\/a><\/li><li class=\"rank-math-html-sitemap__item\"><a href=\"https:\/\/www.pge-medical.com\/fr\/\" class=\"rank-math-html-sitemap__link\">Appareils professionnels pour soins du corps du visage - PGE MEDICAL<\/a><\/li><\/ul><\/div><\/div>\n","protected":false},"excerpt":{"rendered":"","protected":false},"author":1,"featured_media":0,"parent":0,"menu_order":0,"comment_status":"closed","ping_status":"closed","template":"","meta":{"footnotes":""},"class_list":["post-2706","page","type-page","status-publish","hentry"],"_links":{"self":[{"href":"https:\/\/www.pge-medical.com\/fr\/wp-json\/wp\/v2\/pages\/2706","targetHints":{"allow":["GET"]}}],"collection":[{"href":"https:\/\/www.pge-medical.com\/fr\/wp-json\/wp\/v2\/pages"}],"about":[{"href":"https:\/\/www.pge-medical.com\/fr\/wp-json\/wp\/v2\/types\/page"}],"author":[{"embeddable":true,"href":"https:\/\/www.pge-medical.com\/fr\/wp-json\/wp\/v2\/users\/1"}],"replies":[{"embeddable":true,"href":"https:\/\/www.pge-medical.com\/fr\/wp-json\/wp\/v2\/comments?post=2706"}],"version-history":[{"count":1,"href":"https:\/\/www.pge-medical.com\/fr\/wp-json\/wp\/v2\/pages\/2706\/revisions"}],"predecessor-version":[{"id":2707,"href":"https:\/\/www.pge-medical.com\/fr\/wp-json\/wp\/v2\/pages\/2706\/revisions\/2707"}],"wp:attachment":[{"href":"https:\/\/www.pge-medical.com\/fr\/wp-json\/wp\/v2\/media?parent=2706"}],"curies":[{"name":"wp","href":"https:\/\/api.w.org\/{rel}","templated":true}]}}